{"id":9618,"date":"2026-04-17T11:23:13","date_gmt":"2026-04-17T09:23:13","guid":{"rendered":"https:\/\/shop.kuv.hr\/?post_type=product&#038;p=9618"},"modified":"2026-04-17T11:23:14","modified_gmt":"2026-04-17T09:23:14","slug":"varazdinski-tamburaski-orkestar","status":"publish","type":"product","link":"https:\/\/shop.kuv.hr\/en\/ulaznica\/varazdinski-tamburaski-orkestar\/","title":{"rendered":"Vara\u017edinski tambura\u0161ki orkestar"},"content":{"rendered":"","protected":false},"excerpt":{"rendered":"<p>Na koncertu \u2013 Tamburica, ragazza mia, \u0107e orkestar izvesti najpoznatije talijanske kancone u potpuno novim aran\u017emanima.<br \/>\nNa programu \u0107e po prvi puta biti najpoznatije talijanske kancone prilago\u0111ene tambura\u0161kom orkestru.<br \/>\nOrkestru \u0107e se u izvedbi pridru\u017eiti na\u0161i vrhunski vokalni solisti \u2013 sjajna sopranistica <strong>Gabriela Hr\u017eenjak<\/strong> te izvrsni tenori <strong>Filip Hozjak i Neven Stip\u010di\u0107<\/strong>.<\/p>\n","protected":false},"author":4,"featured_media":9619,"template":"","meta":[],"product_cat":[26],"product_tag":[],"class_list":{"0":"post-9618","1":"product","2":"type-product","3":"status-publish","4":"has-post-thumbnail","6":"product_cat-koncertni-ured-varazdin","8":"first","9":"instock","10":"virtual","11":"purchasable","12":"product-type-simple"},"_links":{"self":[{"href":"https:\/\/shop.kuv.hr\/en\/wp-json\/wp\/v2\/product\/9618"}],"collection":[{"href":"https:\/\/shop.kuv.hr\/en\/wp-json\/wp\/v2\/product"}],"about":[{"href":"https:\/\/shop.kuv.hr\/en\/wp-json\/wp\/v2\/types\/product"}],"author":[{"embeddable":true,"href":"https:\/\/shop.kuv.hr\/en\/wp-json\/wp\/v2\/users\/4"}],"wp:featuredmedia":[{"embeddable":true,"href":"https:\/\/shop.kuv.hr\/en\/wp-json\/wp\/v2\/media\/9619"}],"wp:attachment":[{"href":"https:\/\/shop.kuv.hr\/en\/wp-json\/wp\/v2\/media?parent=9618"}],"wp:term":[{"taxonomy":"product_cat","embeddable":true,"href":"https:\/\/shop.kuv.hr\/en\/wp-json\/wp\/v2\/product_cat?post=9618"},{"taxonomy":"product_tag","embeddable":true,"href":"https:\/\/shop.kuv.hr\/en\/wp-json\/wp\/v2\/product_tag?post=9618"}],"curies":[{"name":"wp","href":"https:\/\/api.w.org\/{rel}","templated":true}]}}