{"id":9893,"date":"2026-05-04T14:47:06","date_gmt":"2026-05-04T12:47:06","guid":{"rendered":"https:\/\/shop.kuv.hr\/?post_type=product&#038;p=9893"},"modified":"2026-05-05T13:01:26","modified_gmt":"2026-05-05T11:01:26","slug":"bekecs-dance-theatre-ansambl","status":"publish","type":"product","link":"https:\/\/shop.kuv.hr\/en\/ulaznica\/bekecs-dance-theatre-ansambl\/","title":{"rendered":"Bekecs Dance Theatre Ansambl"},"content":{"rendered":"","protected":false},"excerpt":{"rendered":"<p><strong>Bekecs Dance Theatre<\/strong> iz Ny\u00e1r\u00e1dszerede jedan je od naj\u017eivopisnijih ambasadora ma\u0111arske folklorne kulture u Transilvaniji. S korijenima koji se\u017eu u 1997. godinu, ansambl je iz lokalne skupine mladih izrastao u visoko cijenjenu profesionalnu trupu poznatu po sna\u017enoj scenskoj prisutnosti, umjetni\u010dkoj autenti\u010dnosti i dubokoj predanosti o\u010duvanju tradicije.<br \/>\nFolklorni spektakl <em>\u201eInherited Through Dance\u201d <\/em>autenti\u010dno je putovanje koje do\u010darava sela i dijalekte Karpatskog bazena. Izvo\u0111a\u010di publici pru\u017eaju uvid u intelektualnu i kulturnu ba\u0161tinu majstora plesa, pjeva\u010da i glazbenika, uklju\u010duju\u0107i njihove prepoznatljive stilove te estetsku vrijednost njihovih pokreta.<\/p>\n","protected":false},"author":4,"featured_media":9894,"template":"","meta":[],"product_cat":[26],"product_tag":[],"class_list":{"0":"post-9893","1":"product","2":"type-product","3":"status-publish","4":"has-post-thumbnail","6":"product_cat-koncertni-ured-varazdin","8":"first","9":"instock","10":"downloadable","11":"virtual","12":"purchasable","13":"product-type-simple"},"_links":{"self":[{"href":"https:\/\/shop.kuv.hr\/en\/wp-json\/wp\/v2\/product\/9893"}],"collection":[{"href":"https:\/\/shop.kuv.hr\/en\/wp-json\/wp\/v2\/product"}],"about":[{"href":"https:\/\/shop.kuv.hr\/en\/wp-json\/wp\/v2\/types\/product"}],"author":[{"embeddable":true,"href":"https:\/\/shop.kuv.hr\/en\/wp-json\/wp\/v2\/users\/4"}],"wp:featuredmedia":[{"embeddable":true,"href":"https:\/\/shop.kuv.hr\/en\/wp-json\/wp\/v2\/media\/9894"}],"wp:attachment":[{"href":"https:\/\/shop.kuv.hr\/en\/wp-json\/wp\/v2\/media?parent=9893"}],"wp:term":[{"taxonomy":"product_cat","embeddable":true,"href":"https:\/\/shop.kuv.hr\/en\/wp-json\/wp\/v2\/product_cat?post=9893"},{"taxonomy":"product_tag","embeddable":true,"href":"https:\/\/shop.kuv.hr\/en\/wp-json\/wp\/v2\/product_tag?post=9893"}],"curies":[{"name":"wp","href":"https:\/\/api.w.org\/{rel}","templated":true}]}}