{"id":9906,"date":"2026-05-07T12:14:58","date_gmt":"2026-05-07T10:14:58","guid":{"rendered":"https:\/\/shop.kuv.hr\/?post_type=product&#038;p=9906"},"modified":"2026-05-07T12:16:26","modified_gmt":"2026-05-07T10:16:26","slug":"king-ubu-haxanking-i-tinnitus","status":"publish","type":"product","link":"https:\/\/shop.kuv.hr\/en\/ulaznica\/king-ubu-haxanking-i-tinnitus\/","title":{"rendered":"KING UBU, HAXANKING i TINNITUS"},"content":{"rendered":"","protected":false},"excerpt":{"rendered":"<p>Na Sceni Rogoz, u subotu, 30. svibnja, nastupit \u0107e King Ubu, H\u00e4x\u00e4nking i TinnituS. <strong>King Ubu<\/strong>, metal punk bend iz Zagreba, poznat kao jedan od pionira tog glazbenog \u017eanra, nastupit \u0107e u sastavu &#8211;\u00a0 <strong>Sa\u0161a Bo\u017ei\u0107 \u0160poljar<\/strong> (gitara i vokal), <strong>Petear Aleraj<\/strong> (bas gitara) i <strong>Andrej \u0160ari\u0107<\/strong> (bubnjevi) i predstaviti svoj tre\u0107i, instrumentalni album \u2013 Horror in the Filament, koji je nastao u suradnji s jazz saksofonistom <strong>Vojkanom Joci\u0107em<\/strong>.<\/p>\n<p>Kao predgrupe \u0107e nastupiti vara\u017edinski black death trash metal bend \u2013 <strong>H\u00e4x\u00e4nking<\/strong>, koji je izdao album \u2013 Pogani spjevi, a u Rogoz dolaze s nekim novim, glasnijim i \u017ee\u0161\u0107im \u201espjevima\u201c, te <strong>TinnituS,<\/strong> instrumentalni trio kojeg \u010dine <strong>Stanislav Mu\u0161kinja<\/strong> na bubnjevima, <strong>Filip Vitko<\/strong> na basu i <strong>Juraj Marka\u010d<\/strong> na gitari, a \u010dija je glazba spoj \u00a0jednostavnog i kompleksnog izri\u010daja koji se mo\u017ee \u010duti kod bendova kao \u0161to su Meshuggah, Animals as Leaders, Necrophagist. Koncert \u0107e po\u010deti u 21 sat.<\/p>\n","protected":false},"author":4,"featured_media":9907,"template":"","meta":[],"product_cat":[26],"product_tag":[],"class_list":{"0":"post-9906","1":"product","2":"type-product","3":"status-publish","4":"has-post-thumbnail","6":"product_cat-koncertni-ured-varazdin","8":"first","9":"instock","10":"downloadable","11":"virtual","12":"purchasable","13":"product-type-simple"},"_links":{"self":[{"href":"https:\/\/shop.kuv.hr\/en\/wp-json\/wp\/v2\/product\/9906"}],"collection":[{"href":"https:\/\/shop.kuv.hr\/en\/wp-json\/wp\/v2\/product"}],"about":[{"href":"https:\/\/shop.kuv.hr\/en\/wp-json\/wp\/v2\/types\/product"}],"author":[{"embeddable":true,"href":"https:\/\/shop.kuv.hr\/en\/wp-json\/wp\/v2\/users\/4"}],"wp:featuredmedia":[{"embeddable":true,"href":"https:\/\/shop.kuv.hr\/en\/wp-json\/wp\/v2\/media\/9907"}],"wp:attachment":[{"href":"https:\/\/shop.kuv.hr\/en\/wp-json\/wp\/v2\/media?parent=9906"}],"wp:term":[{"taxonomy":"product_cat","embeddable":true,"href":"https:\/\/shop.kuv.hr\/en\/wp-json\/wp\/v2\/product_cat?post=9906"},{"taxonomy":"product_tag","embeddable":true,"href":"https:\/\/shop.kuv.hr\/en\/wp-json\/wp\/v2\/product_tag?post=9906"}],"curies":[{"name":"wp","href":"https:\/\/api.w.org\/{rel}","templated":true}]}}